{"id":96,"date":"2023-06-30T22:35:40","date_gmt":"2023-06-30T22:35:40","guid":{"rendered":"https:\/\/microteccomunicaciones.com\/?page_id=96"},"modified":"2023-07-01T20:27:14","modified_gmt":"2023-07-01T20:27:14","slug":"inicio","status":"publish","type":"page","link":"https:\/\/microteccomunicaciones.com\/","title":{"rendered":"Inicio"},"content":{"rendered":"\n<h2 class=\"wp-block-heading has-text-align-center has-x-large-font-size\" style=\"text-transform:uppercase\">Bienvenido a MICROTEC COMUNICACIONES<\/h2>\n\n\n\n<hr class=\"wp-block-separator has-alpha-channel-opacity\"\/>\n\n\n\n<p style=\"font-size:26px;font-style:normal;font-weight:700\">Somos una empresa oriunda de Acapetahua, Chiapas, M\u00e9xico. <\/p>\n\n\n\n<p style=\"font-size:26px;font-style:normal;font-weight:700\"><strong>Nos dedicamos a proporcionar soluciones en cuestiones de conectividad a internet. <\/strong><\/p>\n\n\n\n<p style=\"font-size:26px;font-style:normal;font-weight:700\"><strong>Contamos con cobertura en las \u00e1reas rurales aleda\u00f1as de la zona.<\/strong><\/p>\n\n\n\n<p style=\"font-size:26px;font-style:normal;font-weight:700\"><strong>Proporcionamos soluciones cableadas mediante fibra \u00f3ptica e inal\u00e1mbricas mediante antenas.<\/strong><\/p>\n","protected":false},"excerpt":{"rendered":"<p>Bienvenido a MICROTEC COMUNICACIONES Somos una empresa oriunda de Acapetahua, Chiapas, M\u00e9xico. Nos dedicamos a proporcionar soluciones en cuestiones de conectividad a internet. Contamos con cobertura en las \u00e1reas rurales aleda\u00f1as de la zona. Proporcionamos soluciones cableadas mediante fibra \u00f3ptica e inal\u00e1mbricas mediante antenas.<\/p>\n","protected":false},"author":1,"featured_media":0,"parent":0,"menu_order":0,"comment_status":"closed","ping_status":"closed","template":"","meta":[],"_links":{"self":[{"href":"https:\/\/microteccomunicaciones.com\/index.php?rest_route=\/wp\/v2\/pages\/96"}],"collection":[{"href":"https:\/\/microteccomunicaciones.com\/index.php?rest_route=\/wp\/v2\/pages"}],"about":[{"href":"https:\/\/microteccomunicaciones.com\/index.php?rest_route=\/wp\/v2\/types\/page"}],"author":[{"embeddable":true,"href":"https:\/\/microteccomunicaciones.com\/index.php?rest_route=\/wp\/v2\/users\/1"}],"replies":[{"embeddable":true,"href":"https:\/\/microteccomunicaciones.com\/index.php?rest_route=%2Fwp%2Fv2%2Fcomments&post=96"}],"version-history":[{"count":14,"href":"https:\/\/microteccomunicaciones.com\/index.php?rest_route=\/wp\/v2\/pages\/96\/revisions"}],"predecessor-version":[{"id":170,"href":"https:\/\/microteccomunicaciones.com\/index.php?rest_route=\/wp\/v2\/pages\/96\/revisions\/170"}],"wp:attachment":[{"href":"https:\/\/microteccomunicaciones.com\/index.php?rest_route=%2Fwp%2Fv2%2Fmedia&parent=96"}],"curies":[{"name":"wp","href":"https:\/\/api.w.org\/{rel}","templated":true}]}}