{"id":20,"date":"2023-06-30T21:34:42","date_gmt":"2023-06-30T21:34:42","guid":{"rendered":"https:\/\/microteccomunicaciones.com\/?page_id=20"},"modified":"2023-07-01T21:51:57","modified_gmt":"2023-07-01T21:51:57","slug":"servicios","status":"publish","type":"page","link":"https:\/\/microteccomunicaciones.com\/?page_id=20","title":{"rendered":"Servicios"},"content":{"rendered":"\n<h2 class=\"wp-block-heading has-text-align-center\" style=\"font-size:38px;font-style:normal;font-weight:700;text-transform:uppercase\">Resolvemos tu necesidad de conectividad<\/h2>\n\n\n\n<h3 class=\"wp-block-heading has-text-align-left\" style=\"font-style:normal;font-weight:700\">Soluciones de internet<\/h3>\n\n\n\n<figure class=\"wp-block-image size-large is-resized\"><img decoding=\"async\" loading=\"lazy\" src=\"http:\/\/microteccomunicaciones.com\/wp-content\/uploads\/2023\/06\/optical-fiber-1024x681.jpg\" alt=\"\" class=\"wp-image-21\" width=\"661\" height=\"358\"\/><\/figure>\n\n\n\n<p class=\"has-medium-font-size\">Contamos con servicio de internet por fibra \u00f3ptica y enlaces punto a punto (WiFi).<\/p>\n\n\n\n<p class=\"has-medium-font-size\">Consulta disponibilidad en tu zona poni\u00e9ndote en contacto con nosotros, seleccionando <a href=\"https:\/\/microteccomunicaciones.com\/?page_id=23\" data-type=\"page\" data-id=\"23\">aqu\u00ed<\/a>.<\/p>\n\n\n\n<hr class=\"wp-block-separator has-alpha-channel-opacity\"\/>\n\n\n\n<h3 class=\"wp-block-heading has-text-align-left\" style=\"font-style:normal;font-weight:700\">Venta de equipos de red<\/h3>\n\n\n\n<figure class=\"wp-block-image size-large is-resized\"><img decoding=\"async\" loading=\"lazy\" src=\"http:\/\/microteccomunicaciones.com\/wp-content\/uploads\/2023\/06\/modem-1024x682.jpg\" alt=\"\" class=\"wp-image-22\" width=\"654\" height=\"436\" srcset=\"https:\/\/microteccomunicaciones.com\/wp-content\/uploads\/2023\/06\/modem-1024x682.jpg 1024w, https:\/\/microteccomunicaciones.com\/wp-content\/uploads\/2023\/06\/modem-300x200.jpg 300w, https:\/\/microteccomunicaciones.com\/wp-content\/uploads\/2023\/06\/modem-768x512.jpg 768w, https:\/\/microteccomunicaciones.com\/wp-content\/uploads\/2023\/06\/modem-360x240.jpg 360w, https:\/\/microteccomunicaciones.com\/wp-content\/uploads\/2023\/06\/modem.jpg 1280w\" sizes=\"(max-width: 654px) 100vw, 654px\" \/><figcaption class=\"wp-element-caption\"> <\/figcaption><\/figure>\n\n\n\n<p class=\"has-medium-font-size\">Disponemos de una variedad de equipos tanto para redes al\u00e1mbricas como inal\u00e1mbricas, dise\u00f1ados para potenciar y mejorar tu red.<\/p>\n\n\n\n<hr class=\"wp-block-separator has-alpha-channel-opacity\"\/>\n\n\n\n<h3 class=\"wp-block-heading has-text-align-left\" style=\"font-style:normal;font-weight:700\">Venta de accesorios de c\u00f3mputo<\/h3>\n\n\n\n<figure class=\"wp-block-image size-large is-resized\"><img decoding=\"async\" loading=\"lazy\" src=\"https:\/\/microteccomunicaciones.com\/wp-content\/uploads\/2023\/07\/mouse-1024x683.jpg\" alt=\"\" class=\"wp-image-159\" width=\"552\" height=\"368\" srcset=\"https:\/\/microteccomunicaciones.com\/wp-content\/uploads\/2023\/07\/mouse-1024x683.jpg 1024w, https:\/\/microteccomunicaciones.com\/wp-content\/uploads\/2023\/07\/mouse-300x200.jpg 300w, https:\/\/microteccomunicaciones.com\/wp-content\/uploads\/2023\/07\/mouse-768x512.jpg 768w, https:\/\/microteccomunicaciones.com\/wp-content\/uploads\/2023\/07\/mouse-1536x1024.jpg 1536w, https:\/\/microteccomunicaciones.com\/wp-content\/uploads\/2023\/07\/mouse-2048x1365.jpg 2048w, https:\/\/microteccomunicaciones.com\/wp-content\/uploads\/2023\/07\/mouse-272x182.jpg 272w\" sizes=\"(max-width: 552px) 100vw, 552px\" \/><\/figure>\n\n\n\n<p class=\"has-medium-font-size\">Te ofrecemos variedad de equipos perif\u00e9ricos para computadoras, los cuales puedes encontrar en nuestro local, consulta nuestra direcci\u00f3n <a href=\"https:\/\/microteccomunicaciones.com\/?page_id=23\" data-type=\"page\" data-id=\"23\">aqu\u00ed<\/a>.<\/p>\n\n\n\n<p class=\"has-medium-font-size\">Descubre nuestra selecci\u00f3n de productos y encuentra el complemento perfecto para tu sistema. <\/p>\n","protected":false},"excerpt":{"rendered":"<p>Resolvemos tu necesidad de conectividad Soluciones de internet Contamos con servicio de internet por fibra \u00f3ptica y enlaces punto a punto (WiFi). Consulta disponibilidad en tu zona poni\u00e9ndote en contacto con nosotros, seleccionando aqu\u00ed. Venta de equipos de red Disponemos de una variedad de equipos tanto para redes al\u00e1mbricas como inal\u00e1mbricas, dise\u00f1ados para potenciar y [&hellip;]<\/p>\n","protected":false},"author":1,"featured_media":0,"parent":0,"menu_order":0,"comment_status":"closed","ping_status":"closed","template":"","meta":[],"_links":{"self":[{"href":"https:\/\/microteccomunicaciones.com\/index.php?rest_route=\/wp\/v2\/pages\/20"}],"collection":[{"href":"https:\/\/microteccomunicaciones.com\/index.php?rest_route=\/wp\/v2\/pages"}],"about":[{"href":"https:\/\/microteccomunicaciones.com\/index.php?rest_route=\/wp\/v2\/types\/page"}],"author":[{"embeddable":true,"href":"https:\/\/microteccomunicaciones.com\/index.php?rest_route=\/wp\/v2\/users\/1"}],"replies":[{"embeddable":true,"href":"https:\/\/microteccomunicaciones.com\/index.php?rest_route=%2Fwp%2Fv2%2Fcomments&post=20"}],"version-history":[{"count":15,"href":"https:\/\/microteccomunicaciones.com\/index.php?rest_route=\/wp\/v2\/pages\/20\/revisions"}],"predecessor-version":[{"id":187,"href":"https:\/\/microteccomunicaciones.com\/index.php?rest_route=\/wp\/v2\/pages\/20\/revisions\/187"}],"wp:attachment":[{"href":"https:\/\/microteccomunicaciones.com\/index.php?rest_route=%2Fwp%2Fv2%2Fmedia&parent=20"}],"curies":[{"name":"wp","href":"https:\/\/api.w.org\/{rel}","templated":true}]}}